{"id":571,"date":"2023-02-03T15:01:19","date_gmt":"2023-02-03T14:01:19","guid":{"rendered":"https:\/\/dominated.dev\/?page_id=571"},"modified":"2024-04-16T11:07:42","modified_gmt":"2024-04-16T09:07:42","slug":"imprint","status":"publish","type":"page","link":"https:\/\/dominated.dev\/de\/imprint\/","title":{"rendered":"Imprint"},"content":{"rendered":"<h2 class=\"wp-block-heading\">Angaben gem\u00e4\u00df \u00a7 5 TMG<\/h2>\n\n\n\n<p>Dominated &#8211; David D\u00fclle<br>Auf der H\u00f6he 22<br>21339 L\u00fcneburg<\/p>\n\n\n\n<h2 class=\"wp-block-heading\">Kontakt<\/h2>\n\n\n\n<p>Telefon: +49 151 54981462<br>E-Mail: info@dominated.dev<\/p>\n\n\n\n<h2 class=\"wp-block-heading\">Gewerbeanmeldung<\/h2>\n\n\n\n<p>Die Gewerbeanmeldung nach \u00a7 15 a1 GewO wurde am 01.03.2023 durch Hansestadt L\u00fcneburg erteilt.<\/p>\n\n\n\n<h2 class=\"wp-block-heading\">EU-Streitschlichtung<\/h2>\n\n\n\n<p>Die Europ\u00e4ische Kommission stellt eine Plattform zur Online-Streitbeilegung (OS) bereit:\nhttps:\/\/ec.europa.eu\/consumers\/odr\/.<br>Unsere E-Mail-Adresse finden Sie oben im Impressum.<\/p>\n\n\n\n<h2 class=\"wp-block-heading\">Verbraucherstreitbeilegung\/Universalschlichtungsstelle<\/h2>\n\n\n\n<p>Wir sind nicht bereit oder verpflichtet, an Streitbeilegungsverfahren vor einer\nVerbraucherschlichtungsstelle teilzunehmen.<\/p>","protected":false},"excerpt":{"rendered":"<p>Information according to \u00a7 5 TMG Dominated &#8211; David D\u00fclleAuf der H\u00f6he 2221339 L\u00fcneburg Contact Phone: +49 151 54981462E-Mail: info@dominated.dev Business registration The business registration according&#46;&#46;&#46;<\/p>","protected":false},"author":2,"featured_media":0,"parent":0,"menu_order":0,"comment_status":"closed","ping_status":"closed","template":"","meta":{"inline_featured_image":false,"footnotes":""},"class_list":["post-571","page","type-page","status-publish","hentry"],"wp_protect_password_multiple_passwords":null,"ppwp_post_password_bk":null,"yoast_head":"<!-- This site is optimized with the Yoast SEO plugin v27.4 - https:\/\/yoast.com\/product\/yoast-seo-wordpress\/ -->\n<title>Imprint - Dominated<\/title>\n<meta name=\"robots\" content=\"noindex, nofollow\" \/>\n<meta property=\"og:locale\" content=\"de_DE\" \/>\n<meta property=\"og:type\" content=\"article\" \/>\n<meta property=\"og:title\" content=\"Imprint - Dominated\" \/>\n<meta property=\"og:description\" content=\"Information according to \u00a7 5 TMG Dominated &#8211; David D\u00fclleAuf der H\u00f6he 2221339 L\u00fcneburg Contact Phone: +49 151 54981462E-Mail: info@dominated.dev Business registration The business registration according&#046;&#046;&#046;\" \/>\n<meta property=\"og:url\" content=\"https:\/\/dominated.dev\/de\/imprint\/\" \/>\n<meta property=\"og:site_name\" content=\"Dominated\" \/>\n<meta property=\"article:modified_time\" content=\"2024-04-16T09:07:42+00:00\" \/>\n<meta property=\"og:image\" content=\"https:\/\/i0.wp.com\/dominated.dev\/wp-content\/uploads\/2023\/04\/Logo.png?fit=500%2C500&ssl=1\" \/>\n\t<meta property=\"og:image:width\" content=\"500\" \/>\n\t<meta property=\"og:image:height\" content=\"500\" \/>\n\t<meta property=\"og:image:type\" content=\"image\/png\" \/>\n<meta name=\"twitter:card\" content=\"summary_large_image\" \/>\n<meta name=\"twitter:label1\" content=\"Gesch\u00e4tzte Lesezeit\" \/>\n\t<meta name=\"twitter:data1\" content=\"1\u00a0Minute\" \/>\n<script type=\"application\/ld+json\" class=\"yoast-schema-graph\">{\"@context\":\"https:\\\/\\\/schema.org\",\"@graph\":[{\"@type\":\"WebPage\",\"@id\":\"https:\\\/\\\/dominated.dev\\\/imprint\\\/\",\"url\":\"https:\\\/\\\/dominated.dev\\\/imprint\\\/\",\"name\":\"Imprint - Dominated\",\"isPartOf\":{\"@id\":\"https:\\\/\\\/dominated.dev\\\/#website\"},\"datePublished\":\"2023-02-03T14:01:19+00:00\",\"dateModified\":\"2024-04-16T09:07:42+00:00\",\"breadcrumb\":{\"@id\":\"https:\\\/\\\/dominated.dev\\\/imprint\\\/#breadcrumb\"},\"inLanguage\":\"de\",\"potentialAction\":[{\"@type\":\"ReadAction\",\"target\":[\"https:\\\/\\\/dominated.dev\\\/imprint\\\/\"]}]},{\"@type\":\"BreadcrumbList\",\"@id\":\"https:\\\/\\\/dominated.dev\\\/imprint\\\/#breadcrumb\",\"itemListElement\":[{\"@type\":\"ListItem\",\"position\":1,\"name\":\"Home\",\"item\":\"https:\\\/\\\/dominated.dev\\\/\"},{\"@type\":\"ListItem\",\"position\":2,\"name\":\"Imprint\"}]},{\"@type\":\"WebSite\",\"@id\":\"https:\\\/\\\/dominated.dev\\\/#website\",\"url\":\"https:\\\/\\\/dominated.dev\\\/\",\"name\":\"Dominated\",\"description\":\"Are you brave enough?\",\"publisher\":{\"@id\":\"https:\\\/\\\/dominated.dev\\\/#organization\"},\"alternateName\":\"Dom\",\"potentialAction\":[{\"@type\":\"SearchAction\",\"target\":{\"@type\":\"EntryPoint\",\"urlTemplate\":\"https:\\\/\\\/dominated.dev\\\/?s={search_term_string}\"},\"query-input\":{\"@type\":\"PropertyValueSpecification\",\"valueRequired\":true,\"valueName\":\"search_term_string\"}}],\"inLanguage\":\"de\"},{\"@type\":\"Organization\",\"@id\":\"https:\\\/\\\/dominated.dev\\\/#organization\",\"name\":\"Dominated\",\"alternateName\":\"Dom\",\"url\":\"https:\\\/\\\/dominated.dev\\\/\",\"logo\":{\"@type\":\"ImageObject\",\"inLanguage\":\"de\",\"@id\":\"https:\\\/\\\/dominated.dev\\\/#\\\/schema\\\/logo\\\/image\\\/\",\"url\":\"https:\\\/\\\/i0.wp.com\\\/dominated.dev\\\/wp-content\\\/uploads\\\/2022\\\/07\\\/LogoTransDarkCrop.png?fit=1242%2C257&ssl=1\",\"contentUrl\":\"https:\\\/\\\/i0.wp.com\\\/dominated.dev\\\/wp-content\\\/uploads\\\/2022\\\/07\\\/LogoTransDarkCrop.png?fit=1242%2C257&ssl=1\",\"width\":1242,\"height\":257,\"caption\":\"Dominated\"},\"image\":{\"@id\":\"https:\\\/\\\/dominated.dev\\\/#\\\/schema\\\/logo\\\/image\\\/\"}}]}<\/script>\n<!-- \/ Yoast SEO plugin. -->","yoast_head_json":{"title":"Imprint - Dominated","robots":{"index":"noindex","follow":"nofollow"},"og_locale":"de_DE","og_type":"article","og_title":"Imprint - Dominated","og_description":"Information according to \u00a7 5 TMG Dominated &#8211; David D\u00fclleAuf der H\u00f6he 2221339 L\u00fcneburg Contact Phone: +49 151 54981462E-Mail: info@dominated.dev Business registration The business registration according&#46;&#46;&#46;","og_url":"https:\/\/dominated.dev\/de\/imprint\/","og_site_name":"Dominated","article_modified_time":"2024-04-16T09:07:42+00:00","og_image":[{"width":500,"height":500,"url":"https:\/\/i0.wp.com\/dominated.dev\/wp-content\/uploads\/2023\/04\/Logo.png?fit=500%2C500&ssl=1","type":"image\/png"}],"twitter_card":"summary_large_image","twitter_misc":{"Gesch\u00e4tzte Lesezeit":"1\u00a0Minute"},"schema":{"@context":"https:\/\/schema.org","@graph":[{"@type":"WebPage","@id":"https:\/\/dominated.dev\/imprint\/","url":"https:\/\/dominated.dev\/imprint\/","name":"Imprint - Dominated","isPartOf":{"@id":"https:\/\/dominated.dev\/#website"},"datePublished":"2023-02-03T14:01:19+00:00","dateModified":"2024-04-16T09:07:42+00:00","breadcrumb":{"@id":"https:\/\/dominated.dev\/imprint\/#breadcrumb"},"inLanguage":"de","potentialAction":[{"@type":"ReadAction","target":["https:\/\/dominated.dev\/imprint\/"]}]},{"@type":"BreadcrumbList","@id":"https:\/\/dominated.dev\/imprint\/#breadcrumb","itemListElement":[{"@type":"ListItem","position":1,"name":"Home","item":"https:\/\/dominated.dev\/"},{"@type":"ListItem","position":2,"name":"Imprint"}]},{"@type":"WebSite","@id":"https:\/\/dominated.dev\/#website","url":"https:\/\/dominated.dev\/","name":"Dominated","description":"Are you brave enough?","publisher":{"@id":"https:\/\/dominated.dev\/#organization"},"alternateName":"Dom","potentialAction":[{"@type":"SearchAction","target":{"@type":"EntryPoint","urlTemplate":"https:\/\/dominated.dev\/?s={search_term_string}"},"query-input":{"@type":"PropertyValueSpecification","valueRequired":true,"valueName":"search_term_string"}}],"inLanguage":"de"},{"@type":"Organization","@id":"https:\/\/dominated.dev\/#organization","name":"Dominated","alternateName":"Dom","url":"https:\/\/dominated.dev\/","logo":{"@type":"ImageObject","inLanguage":"de","@id":"https:\/\/dominated.dev\/#\/schema\/logo\/image\/","url":"https:\/\/i0.wp.com\/dominated.dev\/wp-content\/uploads\/2022\/07\/LogoTransDarkCrop.png?fit=1242%2C257&ssl=1","contentUrl":"https:\/\/i0.wp.com\/dominated.dev\/wp-content\/uploads\/2022\/07\/LogoTransDarkCrop.png?fit=1242%2C257&ssl=1","width":1242,"height":257,"caption":"Dominated"},"image":{"@id":"https:\/\/dominated.dev\/#\/schema\/logo\/image\/"}}]}},"jetpack-related-posts":[{"id":588,"url":"https:\/\/dominated.dev\/de\/privacy-policy\/","url_meta":{"origin":571,"position":0},"title":"Datenschutzerkl\u00e4rung","author":"Dominated","date":"Februar 6, 2023","format":false,"excerpt":"Introduction With the following data protection declaration, we would like to inform you about which types of your personal data (hereinafter also referred to as \"data\") we process for what purposes and to what extent. The privacy policy applies to all processing of personal data carried out by us, both\u2026","rel":"","context":"\u00c4hnlicher Beitrag","block_context":{"text":"\u00c4hnlicher Beitrag","link":""},"img":{"alt_text":"","src":"","width":0,"height":0},"classes":[]},{"id":579,"url":"https:\/\/dominated.dev\/de\/cancellation-policy\/","url_meta":{"origin":571,"position":1},"title":"Widerrufsbelehrung","author":"Dominated","date":"Februar 6, 2023","format":false,"excerpt":"Exclusion or premature expiry of the right of withdrawal The right of withdrawal does not apply to contracts for the delivery of goods that are not prefabricated and for the production of which an individual selection or determination by the consumer is decisive or which are clearly tailored to the\u2026","rel":"","context":"\u00c4hnlicher Beitrag","block_context":{"text":"\u00c4hnlicher Beitrag","link":""},"img":{"alt_text":"","src":"","width":0,"height":0},"classes":[]}],"jetpack_sharing_enabled":true,"_links":{"self":[{"href":"https:\/\/dominated.dev\/de\/wp-json\/wp\/v2\/pages\/571","targetHints":{"allow":["GET"]}}],"collection":[{"href":"https:\/\/dominated.dev\/de\/wp-json\/wp\/v2\/pages"}],"about":[{"href":"https:\/\/dominated.dev\/de\/wp-json\/wp\/v2\/types\/page"}],"author":[{"embeddable":true,"href":"https:\/\/dominated.dev\/de\/wp-json\/wp\/v2\/users\/2"}],"replies":[{"embeddable":true,"href":"https:\/\/dominated.dev\/de\/wp-json\/wp\/v2\/comments?post=571"}],"version-history":[{"count":3,"href":"https:\/\/dominated.dev\/de\/wp-json\/wp\/v2\/pages\/571\/revisions"}],"predecessor-version":[{"id":623,"href":"https:\/\/dominated.dev\/de\/wp-json\/wp\/v2\/pages\/571\/revisions\/623"}],"wp:attachment":[{"href":"https:\/\/dominated.dev\/de\/wp-json\/wp\/v2\/media?parent=571"}],"curies":[{"name":"wp","href":"https:\/\/api.w.org\/{rel}","templated":true}]}}