{"id":53,"date":"2022-11-08T17:40:43","date_gmt":"2022-11-08T16:40:43","guid":{"rendered":"https:\/\/locked.dominated.dev\/?page_id=53"},"modified":"2024-05-13T17:01:03","modified_gmt":"2024-05-13T15:01:03","slug":"smart-lockbox","status":"publish","type":"page","link":"https:\/\/dominated.dev\/de\/smart-locks\/smart-lockbox\/","title":{"rendered":"Smarte Lockbox"},"content":{"rendered":"<h5 class=\"wp-block-heading has-text-align-center has-white-color has-text-color\"><mark style=\"background-color: rgba(0,0,0,0); color: #ffffff\" class=\"has-inline-color has-white-color\"><strong>Demn\u00e4chst verf\u00fcgbar<\/strong><\/mark><\/h5>\n\n\n\n<h2 class=\"wp-block-heading has-text-align-center has-white-color has-text-color\"><mark style=\"background-color: rgba(0,0,0,0); color: #ffffff\" class=\"has-inline-color has-white-color\">Wir definieren Keyholding neu!<\/mark><\/h2>\n\n\n\n<div style=\"height:32px\" aria-hidden=\"true\" class=\"wp-block-spacer\"><\/div>\n\n\n\n<p class=\"has-text-align-left has-white-color has-text-color has-link-color has-medium-font-size wp-elements-46d9010684b73db71aad8a14217ebf76\"><mark style=\"background-color: rgba(0,0,0,0); color: #ffffff\" class=\"has-inline-color has-white-color\">Ich entwickle derzeit einen Prototyp f\u00fcr ein intelligentes Schlie\u00dffach und brauche deine Unterst\u00fctzung. Ich habe schon Informationen \u00fcber die ben\u00f6tigten Teile gesammelt und ein paar Funktionen entwickelt. Jetzt m\u00f6chte ich den ersten physischen Prototyp erstellen und brauche daf\u00fcr einige Ger\u00e4teschaften.<\/mark><\/p>\n\n\n<div class=\"wp-block-image\">\n<figure class=\"aligncenter size-medium\"><img data-recalc-dims=\"1\" loading=\"lazy\" decoding=\"async\" width=\"300\" height=\"300\" src=\"https:\/\/i0.wp.com\/dominated.dev\/wp-content\/uploads\/2023\/01\/KeySonoidLogo.png?resize=300%2C300&#038;ssl=1\" alt=\"\" class=\"wp-image-536\" srcset=\"https:\/\/i0.wp.com\/dominated.dev\/wp-content\/uploads\/2023\/01\/KeySonoidLogo.png?resize=300%2C300&amp;ssl=1 300w, https:\/\/i0.wp.com\/dominated.dev\/wp-content\/uploads\/2023\/01\/KeySonoidLogo.png?resize=1024%2C1024&amp;ssl=1 1024w, https:\/\/i0.wp.com\/dominated.dev\/wp-content\/uploads\/2023\/01\/KeySonoidLogo.png?resize=150%2C150&amp;ssl=1 150w, https:\/\/i0.wp.com\/dominated.dev\/wp-content\/uploads\/2023\/01\/KeySonoidLogo.png?resize=768%2C768&amp;ssl=1 768w, https:\/\/i0.wp.com\/dominated.dev\/wp-content\/uploads\/2023\/01\/KeySonoidLogo.png?resize=1536%2C1536&amp;ssl=1 1536w, https:\/\/i0.wp.com\/dominated.dev\/wp-content\/uploads\/2023\/01\/KeySonoidLogo.png?resize=12%2C12&amp;ssl=1 12w, https:\/\/i0.wp.com\/dominated.dev\/wp-content\/uploads\/2023\/01\/KeySonoidLogo.png?resize=200%2C200&amp;ssl=1 200w, https:\/\/i0.wp.com\/dominated.dev\/wp-content\/uploads\/2023\/01\/KeySonoidLogo.png?w=1800&amp;ssl=1 1800w, https:\/\/i0.wp.com\/dominated.dev\/wp-content\/uploads\/2023\/01\/KeySonoidLogo.png?w=1480&amp;ssl=1 1480w\" sizes=\"auto, (max-width: 300px) 100vw, 300px\" \/><\/figure>\n<\/div>\n\n\n<p class=\"has-white-color has-text-color has-medium-font-size\">Wenn du dich f\u00fcr Keuschheit oder Fesselung interessierst, w\u00e4re dies die perfekte L\u00f6sung f\u00fcr dich. Mit dieser intelligenten Lockbox kannst du deine Erlebnisse verbessern und sogar die Kontrolle an deine(n) Partner oder die DomTask-Community abgeben.<\/p>\n\n\n<div class=\"wp-block-image\">\n<figure class=\"aligncenter size-medium\"><img data-recalc-dims=\"1\" loading=\"lazy\" decoding=\"async\" width=\"300\" height=\"300\" src=\"https:\/\/i0.wp.com\/dominated.dev\/wp-content\/uploads\/2023\/01\/NewSonoidLogo.png?resize=300%2C300&#038;ssl=1\" alt=\"\" class=\"wp-image-540\" srcset=\"https:\/\/i0.wp.com\/dominated.dev\/wp-content\/uploads\/2023\/01\/NewSonoidLogo.png?resize=300%2C300&amp;ssl=1 300w, https:\/\/i0.wp.com\/dominated.dev\/wp-content\/uploads\/2023\/01\/NewSonoidLogo.png?resize=1024%2C1024&amp;ssl=1 1024w, https:\/\/i0.wp.com\/dominated.dev\/wp-content\/uploads\/2023\/01\/NewSonoidLogo.png?resize=150%2C150&amp;ssl=1 150w, https:\/\/i0.wp.com\/dominated.dev\/wp-content\/uploads\/2023\/01\/NewSonoidLogo.png?resize=768%2C768&amp;ssl=1 768w, https:\/\/i0.wp.com\/dominated.dev\/wp-content\/uploads\/2023\/01\/NewSonoidLogo.png?resize=1536%2C1536&amp;ssl=1 1536w, https:\/\/i0.wp.com\/dominated.dev\/wp-content\/uploads\/2023\/01\/NewSonoidLogo.png?resize=2048%2C2048&amp;ssl=1 2048w, https:\/\/i0.wp.com\/dominated.dev\/wp-content\/uploads\/2023\/01\/NewSonoidLogo.png?resize=12%2C12&amp;ssl=1 12w, https:\/\/i0.wp.com\/dominated.dev\/wp-content\/uploads\/2023\/01\/NewSonoidLogo.png?resize=200%2C200&amp;ssl=1 200w, https:\/\/i0.wp.com\/dominated.dev\/wp-content\/uploads\/2023\/01\/NewSonoidLogo.png?w=1480&amp;ssl=1 1480w\" sizes=\"auto, (max-width: 300px) 100vw, 300px\" \/><\/figure>\n<\/div>\n\n\n<p class=\"has-white-color has-text-color has-medium-font-size\"><\/p>\n\n\n\n<hr class=\"wp-block-separator has-text-color has-text-link-color has-alpha-channel-opacity has-text-link-background-color has-background is-style-wide\"\/>\n\n\n\n<h3 class=\"wp-block-heading has-white-color has-text-color\">Lockbox \u2013 Fragen &amp; Antworten<mark style=\"background-color: rgba(0,0,0,0); color: #ffffff\" class=\"has-inline-color has-white-color\"><\/mark><\/h3>\n\n\n\n<h5 class=\"wp-block-heading has-white-color has-text-color\">Wie sieht die Lockbox aus?<\/h5>\n\n\n\n<p class=\"has-white-color has-text-color has-medium-font-size\">The design is still in development, and can change at any time. <mark style=\"background-color: rgba(0,0,0,0); color: #ffffff\" class=\"has-inline-color has-white-color\"><\/mark><\/p>\n\n\n\n<h5 class=\"wp-block-heading has-white-color has-text-color\"><strong>Welche Funktionen bietet sie?<\/strong><\/h5>\n\n\n\n<p class=\"has-white-color has-text-color has-medium-font-size\">That\u2019s not decided yet, but I will create an App for both offline and online use. I&#8217;m planning to include timer function that prevents unlocking until the set amount of time has passed, in addition to other functions.<\/p>\n\n\n\n<h5 class=\"wp-block-heading has-white-color has-text-color\"><strong>Wann wird sie versandfertig sein?<\/strong><\/h5>\n\n\n\n<p class=\"has-white-color has-text-color has-medium-font-size\">Das ist noch schwer zu sagen. Doch je mehr Leute das Projekt unterst\u00fctzen, desto schneller wird die Entwicklung. Ich kann noch kein Datum nennen.<\/p>\n\n\n\n<h5 class=\"wp-block-heading has-white-color has-text-color\">Das klingt teuer, wie viel wird es kosten?<\/h5>\n\n\n\n<p class=\"has-white-color has-text-color has-medium-font-size\">Ich habe vor, den gr\u00f6\u00dften Teil selbst zu drucken, um die Kosten so gering wie m\u00f6glich zu halten. <\/p>\n\n\n\n<h5 class=\"wp-block-heading has-white-color has-text-color\"><strong>Was habe ich davon, wenn ich dieses Projekt unterst\u00fctze?<\/strong><\/h5>\n\n\n\n<p class=\"has-white-color has-text-color has-medium-font-size\">Ich habe mir vorgenommen, jedem <a href=\"http:\/\/shop.dominated.dev\" target=\"_blank\" rel=\"noreferrer noopener\">Unterst\u00fctzer<\/a>etwas zur\u00fcckzugeben. Je mehr du spendest, desto mehr erh\u00e4ltst du. Weitere Informationen werden verf\u00fcgbar sein, sobald das Produkt versandfertig ist.<\/p>","protected":false},"excerpt":{"rendered":"<p>Coming soon Let\u2019s reinvent Keyholding together I&#8217;m currently prototyping a smart lockbox and need your support. I\u2019ve done the hard part of collecting information about needed&#46;&#46;&#46;<\/p>","protected":false},"author":2,"featured_media":0,"parent":503,"menu_order":0,"comment_status":"closed","ping_status":"closed","template":"","meta":{"inline_featured_image":false,"footnotes":""},"class_list":["post-53","page","type-page","status-publish","hentry"],"wp_protect_password_multiple_passwords":null,"ppwp_post_password_bk":null,"yoast_head":"<!-- This site is optimized with the Yoast SEO plugin v27.4 - https:\/\/yoast.com\/product\/yoast-seo-wordpress\/ -->\n<title>Smart Lockbox - Dominated<\/title>\n<meta name=\"robots\" content=\"index, follow, max-snippet:-1, max-image-preview:large, max-video-preview:-1\" \/>\n<link rel=\"canonical\" href=\"https:\/\/dominated.dev\/de\/smart-locks\/smart-lockbox\/\" \/>\n<meta property=\"og:locale\" content=\"de_DE\" \/>\n<meta property=\"og:type\" content=\"article\" \/>\n<meta property=\"og:title\" content=\"Smart Lockbox - Dominated\" \/>\n<meta property=\"og:description\" content=\"Coming soon Let\u2019s reinvent Keyholding together I&#8217;m currently prototyping a smart lockbox and need your support. I\u2019ve done the hard part of collecting information about needed&#046;&#046;&#046;\" \/>\n<meta property=\"og:url\" content=\"https:\/\/dominated.dev\/de\/smart-locks\/smart-lockbox\/\" \/>\n<meta property=\"og:site_name\" content=\"Dominated\" \/>\n<meta property=\"article:modified_time\" content=\"2024-05-13T15:01:03+00:00\" \/>\n<meta property=\"og:image\" content=\"https:\/\/dominated.dev\/wp-content\/uploads\/2023\/01\/KeySonoidLogo-300x300.png\" \/>\n<meta name=\"twitter:card\" content=\"summary_large_image\" \/>\n<meta name=\"twitter:label1\" content=\"Gesch\u00e4tzte Lesezeit\" \/>\n\t<meta name=\"twitter:data1\" content=\"2\u00a0Minuten\" \/>\n<script type=\"application\/ld+json\" class=\"yoast-schema-graph\">{\"@context\":\"https:\\\/\\\/schema.org\",\"@graph\":[{\"@type\":\"WebPage\",\"@id\":\"https:\\\/\\\/dominated.dev\\\/smart-locks\\\/smart-lockbox\\\/\",\"url\":\"https:\\\/\\\/dominated.dev\\\/smart-locks\\\/smart-lockbox\\\/\",\"name\":\"Smart Lockbox - Dominated\",\"isPartOf\":{\"@id\":\"https:\\\/\\\/dominated.dev\\\/#website\"},\"primaryImageOfPage\":{\"@id\":\"https:\\\/\\\/dominated.dev\\\/smart-locks\\\/smart-lockbox\\\/#primaryimage\"},\"image\":{\"@id\":\"https:\\\/\\\/dominated.dev\\\/smart-locks\\\/smart-lockbox\\\/#primaryimage\"},\"thumbnailUrl\":\"https:\\\/\\\/dominated.dev\\\/wp-content\\\/uploads\\\/2023\\\/01\\\/KeySonoidLogo-300x300.png\",\"datePublished\":\"2022-11-08T16:40:43+00:00\",\"dateModified\":\"2024-05-13T15:01:03+00:00\",\"breadcrumb\":{\"@id\":\"https:\\\/\\\/dominated.dev\\\/smart-locks\\\/smart-lockbox\\\/#breadcrumb\"},\"inLanguage\":\"de\",\"potentialAction\":[{\"@type\":\"ReadAction\",\"target\":[\"https:\\\/\\\/dominated.dev\\\/smart-locks\\\/smart-lockbox\\\/\"]}]},{\"@type\":\"ImageObject\",\"inLanguage\":\"de\",\"@id\":\"https:\\\/\\\/dominated.dev\\\/smart-locks\\\/smart-lockbox\\\/#primaryimage\",\"url\":\"https:\\\/\\\/dominated.dev\\\/wp-content\\\/uploads\\\/2023\\\/01\\\/KeySonoidLogo-300x300.png\",\"contentUrl\":\"https:\\\/\\\/dominated.dev\\\/wp-content\\\/uploads\\\/2023\\\/01\\\/KeySonoidLogo-300x300.png\"},{\"@type\":\"BreadcrumbList\",\"@id\":\"https:\\\/\\\/dominated.dev\\\/smart-locks\\\/smart-lockbox\\\/#breadcrumb\",\"itemListElement\":[{\"@type\":\"ListItem\",\"position\":1,\"name\":\"Home\",\"item\":\"https:\\\/\\\/dominated.dev\\\/\"},{\"@type\":\"ListItem\",\"position\":2,\"name\":\"Smart Locks\",\"item\":\"https:\\\/\\\/dominated.dev\\\/smart-locks\\\/\"},{\"@type\":\"ListItem\",\"position\":3,\"name\":\"Smart Lockbox\"}]},{\"@type\":\"WebSite\",\"@id\":\"https:\\\/\\\/dominated.dev\\\/#website\",\"url\":\"https:\\\/\\\/dominated.dev\\\/\",\"name\":\"Dominated\",\"description\":\"Are you brave enough?\",\"publisher\":{\"@id\":\"https:\\\/\\\/dominated.dev\\\/#organization\"},\"alternateName\":\"Dom\",\"potentialAction\":[{\"@type\":\"SearchAction\",\"target\":{\"@type\":\"EntryPoint\",\"urlTemplate\":\"https:\\\/\\\/dominated.dev\\\/?s={search_term_string}\"},\"query-input\":{\"@type\":\"PropertyValueSpecification\",\"valueRequired\":true,\"valueName\":\"search_term_string\"}}],\"inLanguage\":\"de\"},{\"@type\":\"Organization\",\"@id\":\"https:\\\/\\\/dominated.dev\\\/#organization\",\"name\":\"Dominated\",\"alternateName\":\"Dom\",\"url\":\"https:\\\/\\\/dominated.dev\\\/\",\"logo\":{\"@type\":\"ImageObject\",\"inLanguage\":\"de\",\"@id\":\"https:\\\/\\\/dominated.dev\\\/#\\\/schema\\\/logo\\\/image\\\/\",\"url\":\"https:\\\/\\\/i0.wp.com\\\/dominated.dev\\\/wp-content\\\/uploads\\\/2022\\\/07\\\/LogoTransDarkCrop.png?fit=1242%2C257&ssl=1\",\"contentUrl\":\"https:\\\/\\\/i0.wp.com\\\/dominated.dev\\\/wp-content\\\/uploads\\\/2022\\\/07\\\/LogoTransDarkCrop.png?fit=1242%2C257&ssl=1\",\"width\":1242,\"height\":257,\"caption\":\"Dominated\"},\"image\":{\"@id\":\"https:\\\/\\\/dominated.dev\\\/#\\\/schema\\\/logo\\\/image\\\/\"}}]}<\/script>\n<!-- \/ Yoast SEO plugin. -->","yoast_head_json":{"title":"Smart Lockbox - Dominated","robots":{"index":"index","follow":"follow","max-snippet":"max-snippet:-1","max-image-preview":"max-image-preview:large","max-video-preview":"max-video-preview:-1"},"canonical":"https:\/\/dominated.dev\/de\/smart-locks\/smart-lockbox\/","og_locale":"de_DE","og_type":"article","og_title":"Smart Lockbox - Dominated","og_description":"Coming soon Let\u2019s reinvent Keyholding together I&#8217;m currently prototyping a smart lockbox and need your support. I\u2019ve done the hard part of collecting information about needed&#46;&#46;&#46;","og_url":"https:\/\/dominated.dev\/de\/smart-locks\/smart-lockbox\/","og_site_name":"Dominated","article_modified_time":"2024-05-13T15:01:03+00:00","og_image":[{"url":"https:\/\/dominated.dev\/wp-content\/uploads\/2023\/01\/KeySonoidLogo-300x300.png","type":"","width":"","height":""}],"twitter_card":"summary_large_image","twitter_misc":{"Gesch\u00e4tzte Lesezeit":"2\u00a0Minuten"},"schema":{"@context":"https:\/\/schema.org","@graph":[{"@type":"WebPage","@id":"https:\/\/dominated.dev\/smart-locks\/smart-lockbox\/","url":"https:\/\/dominated.dev\/smart-locks\/smart-lockbox\/","name":"Smart Lockbox - Dominated","isPartOf":{"@id":"https:\/\/dominated.dev\/#website"},"primaryImageOfPage":{"@id":"https:\/\/dominated.dev\/smart-locks\/smart-lockbox\/#primaryimage"},"image":{"@id":"https:\/\/dominated.dev\/smart-locks\/smart-lockbox\/#primaryimage"},"thumbnailUrl":"https:\/\/dominated.dev\/wp-content\/uploads\/2023\/01\/KeySonoidLogo-300x300.png","datePublished":"2022-11-08T16:40:43+00:00","dateModified":"2024-05-13T15:01:03+00:00","breadcrumb":{"@id":"https:\/\/dominated.dev\/smart-locks\/smart-lockbox\/#breadcrumb"},"inLanguage":"de","potentialAction":[{"@type":"ReadAction","target":["https:\/\/dominated.dev\/smart-locks\/smart-lockbox\/"]}]},{"@type":"ImageObject","inLanguage":"de","@id":"https:\/\/dominated.dev\/smart-locks\/smart-lockbox\/#primaryimage","url":"https:\/\/dominated.dev\/wp-content\/uploads\/2023\/01\/KeySonoidLogo-300x300.png","contentUrl":"https:\/\/dominated.dev\/wp-content\/uploads\/2023\/01\/KeySonoidLogo-300x300.png"},{"@type":"BreadcrumbList","@id":"https:\/\/dominated.dev\/smart-locks\/smart-lockbox\/#breadcrumb","itemListElement":[{"@type":"ListItem","position":1,"name":"Home","item":"https:\/\/dominated.dev\/"},{"@type":"ListItem","position":2,"name":"Smart Locks","item":"https:\/\/dominated.dev\/smart-locks\/"},{"@type":"ListItem","position":3,"name":"Smart Lockbox"}]},{"@type":"WebSite","@id":"https:\/\/dominated.dev\/#website","url":"https:\/\/dominated.dev\/","name":"Dominated","description":"Are you brave enough?","publisher":{"@id":"https:\/\/dominated.dev\/#organization"},"alternateName":"Dom","potentialAction":[{"@type":"SearchAction","target":{"@type":"EntryPoint","urlTemplate":"https:\/\/dominated.dev\/?s={search_term_string}"},"query-input":{"@type":"PropertyValueSpecification","valueRequired":true,"valueName":"search_term_string"}}],"inLanguage":"de"},{"@type":"Organization","@id":"https:\/\/dominated.dev\/#organization","name":"Dominated","alternateName":"Dom","url":"https:\/\/dominated.dev\/","logo":{"@type":"ImageObject","inLanguage":"de","@id":"https:\/\/dominated.dev\/#\/schema\/logo\/image\/","url":"https:\/\/i0.wp.com\/dominated.dev\/wp-content\/uploads\/2022\/07\/LogoTransDarkCrop.png?fit=1242%2C257&ssl=1","contentUrl":"https:\/\/i0.wp.com\/dominated.dev\/wp-content\/uploads\/2022\/07\/LogoTransDarkCrop.png?fit=1242%2C257&ssl=1","width":1242,"height":257,"caption":"Dominated"},"image":{"@id":"https:\/\/dominated.dev\/#\/schema\/logo\/image\/"}}]}},"jetpack-related-posts":[{"id":503,"url":"https:\/\/dominated.dev\/de\/smart-locks\/","url_meta":{"origin":53,"position":0},"title":"Smarte Schl\u00f6sser","author":"Dominated","date":"Januar 5, 2023","format":false,"excerpt":"Smart Lockbox All your Keys will fit. Forget those unreliable ice and number combinations locks. The smart lockbox can be used at any place and time. Whether alone or with a keyholer the possibilities are endless! Learn more Products Dominated Locked Smart Lockbox Whether it's chastity or bondage, your keys\u2026","rel":"","context":"\u00c4hnlicher Beitrag","block_context":{"text":"\u00c4hnlicher Beitrag","link":""},"img":{"alt_text":"","src":"https:\/\/i0.wp.com\/dominated.dev\/wp-content\/uploads\/2023\/01\/KeySonoidLogo.png?resize=350%2C200&ssl=1","width":350,"height":200,"srcset":"https:\/\/i0.wp.com\/dominated.dev\/wp-content\/uploads\/2023\/01\/KeySonoidLogo.png?resize=350%2C200&ssl=1 1x, https:\/\/i0.wp.com\/dominated.dev\/wp-content\/uploads\/2023\/01\/KeySonoidLogo.png?resize=525%2C300&ssl=1 1.5x, https:\/\/i0.wp.com\/dominated.dev\/wp-content\/uploads\/2023\/01\/KeySonoidLogo.png?resize=700%2C400&ssl=1 2x, https:\/\/i0.wp.com\/dominated.dev\/wp-content\/uploads\/2023\/01\/KeySonoidLogo.png?resize=1050%2C600&ssl=1 3x, https:\/\/i0.wp.com\/dominated.dev\/wp-content\/uploads\/2023\/01\/KeySonoidLogo.png?resize=1400%2C800&ssl=1 4x"},"classes":[]},{"id":1101,"url":"https:\/\/dominated.dev\/de\/selfbondage-chastity-gear\/","url_meta":{"origin":53,"position":1},"title":"SelfBondage &amp; Chastity Gear","author":"Dominated","date":"M\u00e4rz 25, 2025","format":false,"excerpt":"BondagePlay. Bondage, in the common sense, refers to devotion and inner peace, controlled by a trusted person. But the most trusted person is yourself. SelfBondage is possible, but loses its power if there is always a way to escape. You need someone to make you find your inner peace and\u2026","rel":"","context":"\u00c4hnlicher Beitrag","block_context":{"text":"\u00c4hnlicher Beitrag","link":""},"img":{"alt_text":"8-Key Lockbox Chastity and Bondage","src":"https:\/\/i0.wp.com\/dominated.dev\/wp-content\/uploads\/2025\/03\/img_8157-1.jpg?resize=350%2C200&ssl=1","width":350,"height":200,"srcset":"https:\/\/i0.wp.com\/dominated.dev\/wp-content\/uploads\/2025\/03\/img_8157-1.jpg?resize=350%2C200&ssl=1 1x, https:\/\/i0.wp.com\/dominated.dev\/wp-content\/uploads\/2025\/03\/img_8157-1.jpg?resize=525%2C300&ssl=1 1.5x, https:\/\/i0.wp.com\/dominated.dev\/wp-content\/uploads\/2025\/03\/img_8157-1.jpg?resize=700%2C400&ssl=1 2x, https:\/\/i0.wp.com\/dominated.dev\/wp-content\/uploads\/2025\/03\/img_8157-1.jpg?resize=1050%2C600&ssl=1 3x, https:\/\/i0.wp.com\/dominated.dev\/wp-content\/uploads\/2025\/03\/img_8157-1.jpg?resize=1400%2C800&ssl=1 4x"},"classes":[]},{"id":71,"url":"https:\/\/dominated.dev\/de\/smart-locks\/smart-chastity\/","url_meta":{"origin":53,"position":2},"title":"Smarte Chastity","author":"Dominated","date":"November 8, 2022","format":false,"excerpt":"Planed The All-In-One Solution to keep you locked With this Chastity Cage you are well locked at all times and have full control with your smartphone. To open the lock you only need our Bluetooth adapter which can be easily attached by magnet. This saves weight while all functions remain\u2026","rel":"","context":"\u00c4hnlicher Beitrag","block_context":{"text":"\u00c4hnlicher Beitrag","link":""},"img":{"alt_text":"","src":"https:\/\/i0.wp.com\/dominated.dev\/wp-content\/uploads\/2023\/01\/Cage.png?resize=350%2C200&ssl=1","width":350,"height":200,"srcset":"https:\/\/i0.wp.com\/dominated.dev\/wp-content\/uploads\/2023\/01\/Cage.png?resize=350%2C200&ssl=1 1x, https:\/\/i0.wp.com\/dominated.dev\/wp-content\/uploads\/2023\/01\/Cage.png?resize=525%2C300&ssl=1 1.5x, https:\/\/i0.wp.com\/dominated.dev\/wp-content\/uploads\/2023\/01\/Cage.png?resize=700%2C400&ssl=1 2x, https:\/\/i0.wp.com\/dominated.dev\/wp-content\/uploads\/2023\/01\/Cage.png?resize=1050%2C600&ssl=1 3x, https:\/\/i0.wp.com\/dominated.dev\/wp-content\/uploads\/2023\/01\/Cage.png?resize=1400%2C800&ssl=1 4x"},"classes":[]},{"id":209,"url":"https:\/\/dominated.dev\/de\/xtoys-tutorial\/","url_meta":{"origin":53,"position":3},"title":"XToys Tutorial","author":"Dominated","date":"August 9, 2022","format":false,"excerpt":"This Tutorial will show you how to Set up XToys to connect to my compatible Apps and your Sex Toy. It seems much work at first but it is really easy! XToys compatible Apps Create XToys Account Please visit and download XToys.If you want to use my Apps, you will\u2026","rel":"","context":"\u00c4hnlicher Beitrag","block_context":{"text":"\u00c4hnlicher Beitrag","link":""},"img":{"alt_text":"XToys Tutorial","src":"https:\/\/i0.wp.com\/dominated.dev\/wp-content\/uploads\/2022\/08\/screen.png?resize=350%2C200&ssl=1","width":350,"height":200,"srcset":"https:\/\/i0.wp.com\/dominated.dev\/wp-content\/uploads\/2022\/08\/screen.png?resize=350%2C200&ssl=1 1x, https:\/\/i0.wp.com\/dominated.dev\/wp-content\/uploads\/2022\/08\/screen.png?resize=525%2C300&ssl=1 1.5x, https:\/\/i0.wp.com\/dominated.dev\/wp-content\/uploads\/2022\/08\/screen.png?resize=700%2C400&ssl=1 2x, https:\/\/i0.wp.com\/dominated.dev\/wp-content\/uploads\/2022\/08\/screen.png?resize=1050%2C600&ssl=1 3x"},"classes":[]},{"id":588,"url":"https:\/\/dominated.dev\/de\/privacy-policy\/","url_meta":{"origin":53,"position":4},"title":"Datenschutzerkl\u00e4rung","author":"Dominated","date":"Februar 6, 2023","format":false,"excerpt":"Introduction With the following data protection declaration, we would like to inform you about which types of your personal data (hereinafter also referred to as \"data\") we process for what purposes and to what extent. The privacy policy applies to all processing of personal data carried out by us, both\u2026","rel":"","context":"\u00c4hnlicher Beitrag","block_context":{"text":"\u00c4hnlicher Beitrag","link":""},"img":{"alt_text":"","src":"","width":0,"height":0},"classes":[]}],"jetpack_sharing_enabled":true,"_links":{"self":[{"href":"https:\/\/dominated.dev\/de\/wp-json\/wp\/v2\/pages\/53","targetHints":{"allow":["GET"]}}],"collection":[{"href":"https:\/\/dominated.dev\/de\/wp-json\/wp\/v2\/pages"}],"about":[{"href":"https:\/\/dominated.dev\/de\/wp-json\/wp\/v2\/types\/page"}],"author":[{"embeddable":true,"href":"https:\/\/dominated.dev\/de\/wp-json\/wp\/v2\/users\/2"}],"replies":[{"embeddable":true,"href":"https:\/\/dominated.dev\/de\/wp-json\/wp\/v2\/comments?post=53"}],"version-history":[{"count":6,"href":"https:\/\/dominated.dev\/de\/wp-json\/wp\/v2\/pages\/53\/revisions"}],"predecessor-version":[{"id":990,"href":"https:\/\/dominated.dev\/de\/wp-json\/wp\/v2\/pages\/53\/revisions\/990"}],"up":[{"embeddable":true,"href":"https:\/\/dominated.dev\/de\/wp-json\/wp\/v2\/pages\/503"}],"wp:attachment":[{"href":"https:\/\/dominated.dev\/de\/wp-json\/wp\/v2\/media?parent=53"}],"curies":[{"name":"wp","href":"https:\/\/api.w.org\/{rel}","templated":true}]}}