{"id":360,"date":"2022-09-18T22:07:16","date_gmt":"2022-09-18T21:07:16","guid":{"rendered":"https:\/\/dominated.dev\/links\/"},"modified":"2025-04-18T15:46:33","modified_gmt":"2025-04-18T13:46:33","slug":"links","status":"publish","type":"page","link":"https:\/\/dominated.dev\/de\/links\/","title":{"rendered":"Links"},"content":{"rendered":"<div style=\"height:15px\" aria-hidden=\"true\" class=\"wp-block-spacer\"><\/div>\n\n\n\n<p>German indie studio creating Fetish themed software and products.<\/p>\n\n\n\n<div class=\"wp-block-buttons has-custom-font-size has-medium-font-size is-layout-flex wp-block-buttons-is-layout-flex\">\n<div class=\"wp-block-button has-custom-width wp-block-button__width-100 is-style-fill\"><a class=\"wp-block-button__link has-white-color has-accent-background-color has-text-color has-background wp-element-button\" href=\"https:\/\/dominated.dev\/de\/unrestricted-ai\/\">Unrestricted AI Chatbot<\/a><\/div>\n\n\n\n<div class=\"wp-block-button has-custom-width wp-block-button__width-100 is-style-fill\"><a class=\"wp-block-button__link has-white-color has-accent-background-color has-text-color has-background wp-element-button\" href=\"https:\/\/dominatedshop.etsy.com\">Etsy &#8211; Selfbondage &amp; Chastity Products<\/a><\/div>\n\n\n\n<div class=\"wp-block-button has-custom-width wp-block-button__width-100 is-style-fill\"><a class=\"wp-block-button__link has-white-color has-accent-background-color has-text-color has-background wp-element-button\" href=\"https:\/\/dominated.dev\/de\/category\/app\/\">Alle Apps<\/a><\/div>\n<\/div>\n\n\n\n<hr class=\"wp-block-separator alignwide has-alpha-channel-opacity is-style-wide\"\/>\n\n\n\n<h3 class=\"wp-block-heading\">Newest Apps Links<\/h3>\n\n\n<ul class=\"wp-block-latest-posts__list wp-block-latest-posts has-medium-font-size\"><li><a class=\"wp-block-latest-posts__post-title\" href=\"https:\/\/dominated.dev\/de\/unrestricted-ai\/\">WhisperAI<\/a><div class=\"wp-block-latest-posts__post-excerpt\">WhisperAI, Ihr Tor zur fortschrittlichsten und immersivsten uneingeschr\u00e4nkten KI-Chatbot-Erfahrung, die heute verf\u00fcgbar ist. Entwickelt f\u00fcr Vielseitigkeit, Kreativit\u00e4t und Verbindung, steht WhisperAI an der Spitze der...<\/div><\/li>\n<li><a class=\"wp-block-latest-posts__post-title\" href=\"https:\/\/dominated.dev\/de\/2024\/11\/28\/omorashi-desperation-game\/\">Omorashi - Spiel der Verzweiflung<\/a><div class=\"wp-block-latest-posts__post-excerpt\">K\u00f6nnen Sie gewinnen, ohne sich einzun\u00e4ssen? Omorashi ist ein japanischer Begriff, der sich auf die Verzweiflung beim Wasserlassen und manchmal auf das Einn\u00e4ssen bezieht. Dieses Spiel spielt man am besten in...<\/div><\/li>\n<li><a class=\"wp-block-latest-posts__post-title\" href=\"https:\/\/dominated.dev\/de\/2024\/01\/10\/domai\/\">DomAI<\/a><div class=\"wp-block-latest-posts__post-excerpt\">Wir stellen Ihnen Ihre neue virtuelle Herrin \u201eDomAI\u201c vor - die ultimative Onlinebegleiterin f\u00fcr alle, die sich gerne unterwerfen! Mit \u00fcber 7 Millionen Zeichen an Daten, ist diese KI-gesteuerte Domina...<\/div><\/li>\n<li><a class=\"wp-block-latest-posts__post-title\" href=\"https:\/\/dominated.dev\/de\/2023\/08\/21\/rfid-lock\/\">RFID Lock<\/a><div class=\"wp-block-latest-posts__post-excerpt\">Scannen Sie alle Ihre Tags, um freigeschaltet zu werden. Mache ein Foto und f\u00fcge deine Tags mit einem eigenen Namen und einer Nummer hinzu. Es gibt mehrere Spielmodi zum...<\/div><\/li>\n<li><a class=\"wp-block-latest-posts__post-title\" href=\"https:\/\/dominated.dev\/de\/2023\/03\/16\/hypnodesire\/\">HypnoDesire<\/a><div class=\"wp-block-latest-posts__post-excerpt\">Dies ist eine kleine Hypno Porn App, die ich gemacht habe, inspiriert von all den Femdom, Bimbo und Sissy Hypno Videos da drau\u00dfen. Unterwerfe dich vollst\u00e4ndig HypnoDesire...<\/div><\/li>\n<li><a class=\"wp-block-latest-posts__post-title\" href=\"https:\/\/dominated.dev\/de\/2022\/10\/17\/hooker-simulator\/\">Interaktiver Hooker-Simulator<\/a><div class=\"wp-block-latest-posts__post-excerpt\">Fantasy Spiel \"Verdiene deine Freiheit\" Spiel\nEs ist an der Zeit, die Schulden abzubauen, die du im interaktiven Nutten-Simulator angeh\u00e4uft hast...<\/div><\/li>\n<li><a class=\"wp-block-latest-posts__post-title\" href=\"https:\/\/dominated.dev\/de\/2022\/08\/08\/xrun\/\">XRun - Verbessert Sexspielzeuge<\/a><div class=\"wp-block-latest-posts__post-excerpt\">Willst du dich beim Crossdressing oder beim Sport motivieren? Wenn Sie ein Smart Bluetooth Sex Toy haben, habe ich vielleicht etwas f\u00fcr dich. XRun kann\u2026<\/div><\/li>\n<li><a class=\"wp-block-latest-posts__post-title\" href=\"https:\/\/dominated.dev\/de\/2022\/07\/19\/stay\/\">Stay<\/a><div class=\"wp-block-latest-posts__post-excerpt\">Brauchst du eine Auszeit, suchst nach einer Bestrafung oder einer neuen Bondage-Idee? Manchmal ist das Stehen in der Ecke die einzig richtige Wahl. Stay kann...<\/div><\/li>\n<li><a class=\"wp-block-latest-posts__post-title\" href=\"https:\/\/dominated.dev\/de\/2022\/07\/19\/blowjob-trainer\/\">Blowjob Trainer<\/a><div class=\"wp-block-latest-posts__post-excerpt\">Egal, ob du eine neue Sissy oder eine kleine Schlampe bist. Verbessere dein Blowjob innerhalb weniger Tage mit dieser interaktiven App. Blowjob\u2026<\/div><\/li>\n<li><a class=\"wp-block-latest-posts__post-title\" href=\"https:\/\/dominated.dev\/de\/2022\/07\/19\/slut-workout\/\">Slut Workout<\/a><div class=\"wp-block-latest-posts__post-excerpt\">Willst du einen sch\u00f6neren K\u00f6rper? Das einzige Training ist, wenn du deinen Dildo reitest? Mach dich bereit, eine Workout-Schlampe zu werden! Dann kann diese App\u2026<\/div><\/li>\n<li><a class=\"wp-block-latest-posts__post-title\" href=\"https:\/\/dominated.dev\/de\/2022\/07\/19\/your-new-life\/\">Your new Life<\/a><div class=\"wp-block-latest-posts__post-excerpt\">Du wolltest schon immer eine bessere Sissy oder Schlampe sein? Probiere diese interaktive Hypno Porn App aus, die dich zu einem besseren Menschen machen wird...<\/div><\/li>\n<li><a class=\"wp-block-latest-posts__post-title\" href=\"https:\/\/dominated.dev\/de\/2022\/07\/16\/random-dresser\/\">Random Dresser<\/a><div class=\"wp-block-latest-posts__post-excerpt\">Du hast einen vollen Kleider- und Spielzeugschrank, kannst dich aber nicht entscheiden, was du anziehen sollst, oder du \u00fcberl\u00e4sst diese Entscheidung...<\/div><\/li>\n<\/ul>","protected":false},"excerpt":{"rendered":"<p>German indie studio creating Fetish themed software and products. Newest Apps Links<\/p>","protected":false},"author":2,"featured_media":1012,"parent":0,"menu_order":0,"comment_status":"closed","ping_status":"closed","template":"","meta":{"inline_featured_image":false,"footnotes":""},"class_list":["post-360","page","type-page","status-publish","has-post-thumbnail","hentry"],"wp_protect_password_multiple_passwords":null,"ppwp_post_password_bk":null,"yoast_head":"<!-- This site is optimized with the Yoast SEO plugin v27.4 - https:\/\/yoast.com\/product\/yoast-seo-wordpress\/ -->\n<title>Links - Dominated<\/title>\n<meta name=\"description\" content=\"Welcome to Dominated. Get a quick view about our Content on our Site. New Links and apps will be available here!\" \/>\n<meta name=\"robots\" content=\"noindex, follow\" \/>\n<meta property=\"og:locale\" content=\"de_DE\" \/>\n<meta property=\"og:type\" content=\"article\" \/>\n<meta property=\"og:title\" content=\"Links - Dominated\" \/>\n<meta property=\"og:description\" content=\"Welcome to Dominated. Get a quick view about our Content on our Site. New Links and apps will be available here!\" \/>\n<meta property=\"og:url\" content=\"https:\/\/dominated.dev\/de\/links\/\" \/>\n<meta property=\"og:site_name\" content=\"Dominated\" \/>\n<meta property=\"article:modified_time\" content=\"2025-04-18T13:46:33+00:00\" \/>\n<meta property=\"og:image\" content=\"https:\/\/i0.wp.com\/dominated.dev\/wp-content\/uploads\/2024\/11\/A6701086.jpeg?fit=1528%2C2048&ssl=1\" \/>\n\t<meta property=\"og:image:width\" content=\"1528\" \/>\n\t<meta property=\"og:image:height\" content=\"2048\" \/>\n\t<meta property=\"og:image:type\" content=\"image\/jpeg\" \/>\n<meta name=\"twitter:card\" content=\"summary_large_image\" \/>\n<meta name=\"twitter:label1\" content=\"Gesch\u00e4tzte Lesezeit\" \/>\n\t<meta name=\"twitter:data1\" content=\"1\u00a0Minute\" \/>\n<script type=\"application\/ld+json\" class=\"yoast-schema-graph\">{\"@context\":\"https:\\\/\\\/schema.org\",\"@graph\":[{\"@type\":\"WebPage\",\"@id\":\"https:\\\/\\\/dominated.dev\\\/links\\\/\",\"url\":\"https:\\\/\\\/dominated.dev\\\/links\\\/\",\"name\":\"Links - Dominated\",\"isPartOf\":{\"@id\":\"https:\\\/\\\/dominated.dev\\\/#website\"},\"primaryImageOfPage\":{\"@id\":\"https:\\\/\\\/dominated.dev\\\/links\\\/#primaryimage\"},\"image\":{\"@id\":\"https:\\\/\\\/dominated.dev\\\/links\\\/#primaryimage\"},\"thumbnailUrl\":\"https:\\\/\\\/i0.wp.com\\\/dominated.dev\\\/wp-content\\\/uploads\\\/2024\\\/11\\\/A6701086.jpeg?fit=1528%2C2048&ssl=1\",\"datePublished\":\"2022-09-18T21:07:16+00:00\",\"dateModified\":\"2025-04-18T13:46:33+00:00\",\"description\":\"Welcome to Dominated. Get a quick view about our Content on our Site. New Links and apps will be available here!\",\"breadcrumb\":{\"@id\":\"https:\\\/\\\/dominated.dev\\\/links\\\/#breadcrumb\"},\"inLanguage\":\"de\",\"potentialAction\":[{\"@type\":\"ReadAction\",\"target\":[\"https:\\\/\\\/dominated.dev\\\/links\\\/\"]}]},{\"@type\":\"ImageObject\",\"inLanguage\":\"de\",\"@id\":\"https:\\\/\\\/dominated.dev\\\/links\\\/#primaryimage\",\"url\":\"https:\\\/\\\/i0.wp.com\\\/dominated.dev\\\/wp-content\\\/uploads\\\/2024\\\/11\\\/A6701086.jpeg?fit=1528%2C2048&ssl=1\",\"contentUrl\":\"https:\\\/\\\/i0.wp.com\\\/dominated.dev\\\/wp-content\\\/uploads\\\/2024\\\/11\\\/A6701086.jpeg?fit=1528%2C2048&ssl=1\",\"width\":1528,\"height\":2048,\"caption\":\"SnapLock Dominated Links\"},{\"@type\":\"BreadcrumbList\",\"@id\":\"https:\\\/\\\/dominated.dev\\\/links\\\/#breadcrumb\",\"itemListElement\":[{\"@type\":\"ListItem\",\"position\":1,\"name\":\"Home\",\"item\":\"https:\\\/\\\/dominated.dev\\\/\"},{\"@type\":\"ListItem\",\"position\":2,\"name\":\"Links\"}]},{\"@type\":\"WebSite\",\"@id\":\"https:\\\/\\\/dominated.dev\\\/#website\",\"url\":\"https:\\\/\\\/dominated.dev\\\/\",\"name\":\"Dominated\",\"description\":\"Are you brave enough?\",\"publisher\":{\"@id\":\"https:\\\/\\\/dominated.dev\\\/#organization\"},\"alternateName\":\"Dom\",\"potentialAction\":[{\"@type\":\"SearchAction\",\"target\":{\"@type\":\"EntryPoint\",\"urlTemplate\":\"https:\\\/\\\/dominated.dev\\\/?s={search_term_string}\"},\"query-input\":{\"@type\":\"PropertyValueSpecification\",\"valueRequired\":true,\"valueName\":\"search_term_string\"}}],\"inLanguage\":\"de\"},{\"@type\":\"Organization\",\"@id\":\"https:\\\/\\\/dominated.dev\\\/#organization\",\"name\":\"Dominated\",\"alternateName\":\"Dom\",\"url\":\"https:\\\/\\\/dominated.dev\\\/\",\"logo\":{\"@type\":\"ImageObject\",\"inLanguage\":\"de\",\"@id\":\"https:\\\/\\\/dominated.dev\\\/#\\\/schema\\\/logo\\\/image\\\/\",\"url\":\"https:\\\/\\\/i0.wp.com\\\/dominated.dev\\\/wp-content\\\/uploads\\\/2022\\\/07\\\/LogoTransDarkCrop.png?fit=1242%2C257&ssl=1\",\"contentUrl\":\"https:\\\/\\\/i0.wp.com\\\/dominated.dev\\\/wp-content\\\/uploads\\\/2022\\\/07\\\/LogoTransDarkCrop.png?fit=1242%2C257&ssl=1\",\"width\":1242,\"height\":257,\"caption\":\"Dominated\"},\"image\":{\"@id\":\"https:\\\/\\\/dominated.dev\\\/#\\\/schema\\\/logo\\\/image\\\/\"}}]}<\/script>\n<!-- \/ Yoast SEO plugin. -->","yoast_head_json":{"title":"Links - Dominated","description":"Welcome to Dominated. Get a quick view about our Content on our Site. New Links and apps will be available here!","robots":{"index":"noindex","follow":"follow"},"og_locale":"de_DE","og_type":"article","og_title":"Links - Dominated","og_description":"Welcome to Dominated. Get a quick view about our Content on our Site. New Links and apps will be available here!","og_url":"https:\/\/dominated.dev\/de\/links\/","og_site_name":"Dominated","article_modified_time":"2025-04-18T13:46:33+00:00","og_image":[{"width":1528,"height":2048,"url":"https:\/\/i0.wp.com\/dominated.dev\/wp-content\/uploads\/2024\/11\/A6701086.jpeg?fit=1528%2C2048&ssl=1","type":"image\/jpeg"}],"twitter_card":"summary_large_image","twitter_misc":{"Gesch\u00e4tzte Lesezeit":"1\u00a0Minute"},"schema":{"@context":"https:\/\/schema.org","@graph":[{"@type":"WebPage","@id":"https:\/\/dominated.dev\/links\/","url":"https:\/\/dominated.dev\/links\/","name":"Links - Dominated","isPartOf":{"@id":"https:\/\/dominated.dev\/#website"},"primaryImageOfPage":{"@id":"https:\/\/dominated.dev\/links\/#primaryimage"},"image":{"@id":"https:\/\/dominated.dev\/links\/#primaryimage"},"thumbnailUrl":"https:\/\/i0.wp.com\/dominated.dev\/wp-content\/uploads\/2024\/11\/A6701086.jpeg?fit=1528%2C2048&ssl=1","datePublished":"2022-09-18T21:07:16+00:00","dateModified":"2025-04-18T13:46:33+00:00","description":"Welcome to Dominated. Get a quick view about our Content on our Site. New Links and apps will be available here!","breadcrumb":{"@id":"https:\/\/dominated.dev\/links\/#breadcrumb"},"inLanguage":"de","potentialAction":[{"@type":"ReadAction","target":["https:\/\/dominated.dev\/links\/"]}]},{"@type":"ImageObject","inLanguage":"de","@id":"https:\/\/dominated.dev\/links\/#primaryimage","url":"https:\/\/i0.wp.com\/dominated.dev\/wp-content\/uploads\/2024\/11\/A6701086.jpeg?fit=1528%2C2048&ssl=1","contentUrl":"https:\/\/i0.wp.com\/dominated.dev\/wp-content\/uploads\/2024\/11\/A6701086.jpeg?fit=1528%2C2048&ssl=1","width":1528,"height":2048,"caption":"SnapLock Dominated Links"},{"@type":"BreadcrumbList","@id":"https:\/\/dominated.dev\/links\/#breadcrumb","itemListElement":[{"@type":"ListItem","position":1,"name":"Home","item":"https:\/\/dominated.dev\/"},{"@type":"ListItem","position":2,"name":"Links"}]},{"@type":"WebSite","@id":"https:\/\/dominated.dev\/#website","url":"https:\/\/dominated.dev\/","name":"Dominated","description":"Are you brave enough?","publisher":{"@id":"https:\/\/dominated.dev\/#organization"},"alternateName":"Dom","potentialAction":[{"@type":"SearchAction","target":{"@type":"EntryPoint","urlTemplate":"https:\/\/dominated.dev\/?s={search_term_string}"},"query-input":{"@type":"PropertyValueSpecification","valueRequired":true,"valueName":"search_term_string"}}],"inLanguage":"de"},{"@type":"Organization","@id":"https:\/\/dominated.dev\/#organization","name":"Dominated","alternateName":"Dom","url":"https:\/\/dominated.dev\/","logo":{"@type":"ImageObject","inLanguage":"de","@id":"https:\/\/dominated.dev\/#\/schema\/logo\/image\/","url":"https:\/\/i0.wp.com\/dominated.dev\/wp-content\/uploads\/2022\/07\/LogoTransDarkCrop.png?fit=1242%2C257&ssl=1","contentUrl":"https:\/\/i0.wp.com\/dominated.dev\/wp-content\/uploads\/2022\/07\/LogoTransDarkCrop.png?fit=1242%2C257&ssl=1","width":1242,"height":257,"caption":"Dominated"},"image":{"@id":"https:\/\/dominated.dev\/#\/schema\/logo\/image\/"}}]}},"jetpack-related-posts":[{"id":1047,"url":"https:\/\/dominated.dev\/de\/unrestricted-ai\/","url_meta":{"origin":360,"position":0},"title":"Unrestricted AI Chatbot: WhisperAI","author":"Dominated","date":"Januar 7, 2025","format":false,"excerpt":"Welcome to WhisperAI, your gateway to the most advanced and immersive unrestricted AI chatbot experience available today. Designed for versatility, creativity, and connection, WhisperAI stands at the forefront of artificial intelligence, redefining what it means to engage with conversational technology. Whether you\u2019re exploring dynamic roleplaying scenarios, seeking insightful discussions, or\u2026","rel":"","context":"\u00c4hnlicher Beitrag","block_context":{"text":"\u00c4hnlicher Beitrag","link":""},"img":{"alt_text":"","src":"https:\/\/i0.wp.com\/dominated.dev\/wp-content\/uploads\/2025\/01\/Download-e1736286132161.webp?fit=1024%2C650&ssl=1&resize=350%2C200","width":350,"height":200,"srcset":"https:\/\/i0.wp.com\/dominated.dev\/wp-content\/uploads\/2025\/01\/Download-e1736286132161.webp?fit=1024%2C650&ssl=1&resize=350%2C200 1x, https:\/\/i0.wp.com\/dominated.dev\/wp-content\/uploads\/2025\/01\/Download-e1736286132161.webp?fit=1024%2C650&ssl=1&resize=525%2C300 1.5x, https:\/\/i0.wp.com\/dominated.dev\/wp-content\/uploads\/2025\/01\/Download-e1736286132161.webp?fit=1024%2C650&ssl=1&resize=700%2C400 2x"},"classes":[]},{"id":649,"url":"https:\/\/dominated.dev\/de\/rfid-lock-tutorial\/","url_meta":{"origin":360,"position":1},"title":"RFID Lock Tutorial","author":"Dominated","date":"August 20, 2023","format":false,"excerpt":"This tutorial shows you how to set up the RFID Lock app to use your favorite tags. We recommend Mifare Classic tags for the easiest setup and most secure use. If the RFID Lock app is used for self-bondage or chastity, make sure you have a backup at all times.\u2026","rel":"","context":"\u00c4hnlicher Beitrag","block_context":{"text":"\u00c4hnlicher Beitrag","link":""},"img":{"alt_text":"Screenshot of the NFC TagWriter App","src":"https:\/\/i0.wp.com\/dominated.dev\/wp-content\/uploads\/2023\/08\/Screenshot_20230820-201026.png?resize=350%2C200&ssl=1","width":350,"height":200,"srcset":"https:\/\/i0.wp.com\/dominated.dev\/wp-content\/uploads\/2023\/08\/Screenshot_20230820-201026.png?resize=350%2C200&ssl=1 1x, https:\/\/i0.wp.com\/dominated.dev\/wp-content\/uploads\/2023\/08\/Screenshot_20230820-201026.png?resize=525%2C300&ssl=1 1.5x, https:\/\/i0.wp.com\/dominated.dev\/wp-content\/uploads\/2023\/08\/Screenshot_20230820-201026.png?resize=700%2C400&ssl=1 2x, https:\/\/i0.wp.com\/dominated.dev\/wp-content\/uploads\/2023\/08\/Screenshot_20230820-201026.png?resize=1050%2C600&ssl=1 3x"},"classes":[]},{"id":53,"url":"https:\/\/dominated.dev\/de\/smart-locks\/smart-lockbox\/","url_meta":{"origin":360,"position":2},"title":"Smarte Lockbox","author":"Dominated","date":"November 8, 2022","format":false,"excerpt":"Coming soon Let\u2019s reinvent Keyholding together I'm currently prototyping a smart lockbox and need your support. I\u2019ve done the hard part of collecting information about needed parts and creating a few functions. Now I want to create the first physical prototype and need some equipment for that. If you're interested\u2026","rel":"","context":"\u00c4hnlicher Beitrag","block_context":{"text":"\u00c4hnlicher Beitrag","link":""},"img":{"alt_text":"","src":"https:\/\/i0.wp.com\/dominated.dev\/wp-content\/uploads\/2023\/01\/KeySonoidLogo.png?resize=350%2C200&ssl=1","width":350,"height":200,"srcset":"https:\/\/i0.wp.com\/dominated.dev\/wp-content\/uploads\/2023\/01\/KeySonoidLogo.png?resize=350%2C200&ssl=1 1x, https:\/\/i0.wp.com\/dominated.dev\/wp-content\/uploads\/2023\/01\/KeySonoidLogo.png?resize=525%2C300&ssl=1 1.5x, https:\/\/i0.wp.com\/dominated.dev\/wp-content\/uploads\/2023\/01\/KeySonoidLogo.png?resize=700%2C400&ssl=1 2x, https:\/\/i0.wp.com\/dominated.dev\/wp-content\/uploads\/2023\/01\/KeySonoidLogo.png?resize=1050%2C600&ssl=1 3x, https:\/\/i0.wp.com\/dominated.dev\/wp-content\/uploads\/2023\/01\/KeySonoidLogo.png?resize=1400%2C800&ssl=1 4x"},"classes":[]},{"id":579,"url":"https:\/\/dominated.dev\/de\/cancellation-policy\/","url_meta":{"origin":360,"position":3},"title":"Widerrufsbelehrung","author":"Dominated","date":"Februar 6, 2023","format":false,"excerpt":"Exclusion or premature expiry of the right of withdrawal The right of withdrawal does not apply to contracts for the delivery of goods that are not prefabricated and for the production of which an individual selection or determination by the consumer is decisive or which are clearly tailored to the\u2026","rel":"","context":"\u00c4hnlicher Beitrag","block_context":{"text":"\u00c4hnlicher Beitrag","link":""},"img":{"alt_text":"","src":"","width":0,"height":0},"classes":[]},{"id":209,"url":"https:\/\/dominated.dev\/de\/xtoys-tutorial\/","url_meta":{"origin":360,"position":4},"title":"XToys Tutorial","author":"Dominated","date":"August 9, 2022","format":false,"excerpt":"This Tutorial will show you how to Set up XToys to connect to my compatible Apps and your Sex Toy. It seems much work at first but it is really easy! XToys compatible Apps Create XToys Account Please visit and download XToys.If you want to use my Apps, you will\u2026","rel":"","context":"\u00c4hnlicher Beitrag","block_context":{"text":"\u00c4hnlicher Beitrag","link":""},"img":{"alt_text":"XToys Tutorial","src":"https:\/\/i0.wp.com\/dominated.dev\/wp-content\/uploads\/2022\/08\/screen.png?resize=350%2C200&ssl=1","width":350,"height":200,"srcset":"https:\/\/i0.wp.com\/dominated.dev\/wp-content\/uploads\/2022\/08\/screen.png?resize=350%2C200&ssl=1 1x, https:\/\/i0.wp.com\/dominated.dev\/wp-content\/uploads\/2022\/08\/screen.png?resize=525%2C300&ssl=1 1.5x, https:\/\/i0.wp.com\/dominated.dev\/wp-content\/uploads\/2022\/08\/screen.png?resize=700%2C400&ssl=1 2x, https:\/\/i0.wp.com\/dominated.dev\/wp-content\/uploads\/2022\/08\/screen.png?resize=1050%2C600&ssl=1 3x"},"classes":[]},{"id":588,"url":"https:\/\/dominated.dev\/de\/privacy-policy\/","url_meta":{"origin":360,"position":5},"title":"Datenschutzerkl\u00e4rung","author":"Dominated","date":"Februar 6, 2023","format":false,"excerpt":"Introduction With the following data protection declaration, we would like to inform you about which types of your personal data (hereinafter also referred to as \"data\") we process for what purposes and to what extent. The privacy policy applies to all processing of personal data carried out by us, both\u2026","rel":"","context":"\u00c4hnlicher Beitrag","block_context":{"text":"\u00c4hnlicher Beitrag","link":""},"img":{"alt_text":"","src":"","width":0,"height":0},"classes":[]}],"jetpack_sharing_enabled":true,"_links":{"self":[{"href":"https:\/\/dominated.dev\/de\/wp-json\/wp\/v2\/pages\/360","targetHints":{"allow":["GET"]}}],"collection":[{"href":"https:\/\/dominated.dev\/de\/wp-json\/wp\/v2\/pages"}],"about":[{"href":"https:\/\/dominated.dev\/de\/wp-json\/wp\/v2\/types\/page"}],"author":[{"embeddable":true,"href":"https:\/\/dominated.dev\/de\/wp-json\/wp\/v2\/users\/2"}],"replies":[{"embeddable":true,"href":"https:\/\/dominated.dev\/de\/wp-json\/wp\/v2\/comments?post=360"}],"version-history":[{"count":38,"href":"https:\/\/dominated.dev\/de\/wp-json\/wp\/v2\/pages\/360\/revisions"}],"predecessor-version":[{"id":1123,"href":"https:\/\/dominated.dev\/de\/wp-json\/wp\/v2\/pages\/360\/revisions\/1123"}],"wp:featuredmedia":[{"embeddable":true,"href":"https:\/\/dominated.dev\/de\/wp-json\/wp\/v2\/media\/1012"}],"wp:attachment":[{"href":"https:\/\/dominated.dev\/de\/wp-json\/wp\/v2\/media?parent=360"}],"curies":[{"name":"wp","href":"https:\/\/api.w.org\/{rel}","templated":true}]}}